{"id":4679,"date":"2022-06-10T07:55:50","date_gmt":"2022-06-10T07:55:50","guid":{"rendered":"https:\/\/evoiki.webstart.gr\/b2bpartners-2\/"},"modified":"2022-06-28T09:16:26","modified_gmt":"2022-06-28T09:16:26","slug":"b2bpartners","status":"publish","type":"page","link":"https:\/\/evoiki-zimi.gr\/de\/b2bpartners\/","title":{"rendered":"b2bpartners"},"content":{"rendered":"\n<h1>\n\t\tPARTNER\n\t<\/h1>\n\t\t\t\t<img decoding=\"async\" src=\"http:\/\/evoiki-zimi.gr\/wp-content\/uploads\/2021\/11\/b2bpartners1.png\" alt=\"b2bpartners1\" itemprop=\"image\" title=\"b2bpartners1\" onerror=\"this.style.display='none'\"  \/>\n<h3>\n\t\tZimi Psachnon\n\t<\/h3>\n<h1>\n\t\tWerden Sie unser Partner\n\t<\/h1>\n\t<p>Das Vertretungsnetz von Evoiki Zimi besteht aus Unternehmen, die den Weiterverkauf von Tiefk\u00fchlteigprodukten, tiefgek\u00fchlten und konservierten Teigbl\u00e4ttern und traditionellen Teigwaren an Einzel- und Gro\u00dfkunden (Einzelhandel, Gro\u00dfhandel) \u00fcbernehmen.<\/p>\n<p>Unser Ziel ist die permanente Weiterentwicklung eines gut ausgebauten Vertretungsnetzes, um unsere Produkte in ganz Griechenland \u00fcber alle Gro\u00df- und Einzelhandelskan\u00e4le zu pr\u00e4sentieren.<\/p>\n<p>Hauptbestreben unseres Partnernetzwerks ist Flexibilit\u00e4t und eine unmittelbare Reaktion auf die Erfordernisse unserer Kunden.<\/p>\n<form>\n\t<input type=\"hidden\" name=\"fl-layout-id\" value=\"4679\" \/>\n\t    \t<h3>Partnerantragsformular<\/h3>\n\t\t\t\t<p>Kontaktieren Sie uns, um dem landesweiten Netzwerk von Vertretern von EVOIKI ZYMIS SA beizutreten.<\/p>\n    \t\t<label for=\"pp-name-\">Vollst\u00e4ndiger Name<\/label>\n    \t\tBitte gib Deinen Namen ein.\n    \t\t<input type=\"text\" name=\"pp-name\" id=\"pp-name-\" value=\"\" placeholder=\"Vollst\u00e4ndiger Name\"  \/>\n    \t\t<label for=\"pp-email-\">Email<\/label>\n    \t\tBitte gib eine valide E-Mail Adresse an.\n    \t\t<input type=\"email\" name=\"pp-email\" id=\"pp-email-\" value=\"\" placeholder=\"Email\"  \/>\n    \t\t<label for=\"pp-phone-\">Kontakt-Telefon<\/label>\n    \t\tBitte gib eine g\u00fcltige Telefonnummer an.\n    \t\t<input type=\"tel\" name=\"pp-phone\" id=\"pp-phone-\" value=\"\" placeholder=\"Kontakt-Telefon\"  \/>\n    \t\t<label for=\"pp-subject-\">Firmenname und Umsatzsteuer-Identifikationsnummer<\/label>\n    \t\tBitte geben Sie einen Betreff ein.\n    \t\t<input type=\"text\" name=\"pp-subject\" id=\"pp-subject-\" value=\"\" placeholder=\"Firmenname und Umsatzsteuer-Identifikationsnummer\"  \/>\n    \t\t<label for=\"pp-message-\">Nachricht<\/label>\n    \t\tPlease type your message.\n    \t\t<textarea name=\"pp-message\" id=\"pp-message-\" placeholder=\"Nachricht\"><\/textarea>\n\t\t<input type=\"checkbox\" name=\"pp-checkbox\" id=\"pp-checkbox_\" value=\"1\" \/>\n\t\t<label for=\"pp-checkbox_\">\u0391\u03c0\u03bf\u03b4\u03bf\u03c7\u03ae \u03c4\u03c9\u03bd \u03cc\u03c1\u03c9\u03bd \u03c7\u03c1\u03ae\u03c3\u03b7\u03c2<\/label>\n\t\tPlease check this field.\n    \t<a href=\"#\" target=\"_self\" role=\"button\" rel=\"noopener\">\n    \t\t    \t\t    \t\tSend\n    \t\t    \t\t    \t<\/a>\n\t\t\tMessage failed. Please try again.\n<\/form>\n  <p>Vielen Dank, dass Sie uns kontaktiert haben. Die Verkaufsabteilung wird sich bald mit Ihnen in Verbindung setzen.<\/p>\n\n","protected":false},"excerpt":{"rendered":"<p>PARTNER Zimi Psachnon Werden Sie unser Partner Das Vertretungsnetz von Evoiki Zimi besteht aus Unternehmen, die den Weiterverkauf von Tiefk\u00fchlteigprodukten, tiefgek\u00fchlten und konservierten Teigbl\u00e4ttern und traditionellen Teigwaren an Einzel- und Gro\u00dfkunden (Einzelhandel, Gro\u00dfhandel) \u00fcbernehmen. Unser Ziel ist die permanente Weiterentwicklung eines gut ausgebauten Vertretungsnetzes, um unsere Produkte in ganz Griechenland \u00fcber alle Gro\u00df- und Einzelhandelskan\u00e4le&hellip;<\/p>\n","protected":false},"author":1,"featured_media":0,"parent":0,"menu_order":0,"comment_status":"closed","ping_status":"closed","template":"","meta":{"footnotes":""},"class_list":["post-4679","page","type-page","status-publish","hentry"],"acf":[],"_links":{"self":[{"href":"https:\/\/evoiki-zimi.gr\/de\/wp-json\/wp\/v2\/pages\/4679","targetHints":{"allow":["GET"]}}],"collection":[{"href":"https:\/\/evoiki-zimi.gr\/de\/wp-json\/wp\/v2\/pages"}],"about":[{"href":"https:\/\/evoiki-zimi.gr\/de\/wp-json\/wp\/v2\/types\/page"}],"author":[{"embeddable":true,"href":"https:\/\/evoiki-zimi.gr\/de\/wp-json\/wp\/v2\/users\/1"}],"replies":[{"embeddable":true,"href":"https:\/\/evoiki-zimi.gr\/de\/wp-json\/wp\/v2\/comments?post=4679"}],"version-history":[{"count":4,"href":"https:\/\/evoiki-zimi.gr\/de\/wp-json\/wp\/v2\/pages\/4679\/revisions"}],"predecessor-version":[{"id":4707,"href":"https:\/\/evoiki-zimi.gr\/de\/wp-json\/wp\/v2\/pages\/4679\/revisions\/4707"}],"wp:attachment":[{"href":"https:\/\/evoiki-zimi.gr\/de\/wp-json\/wp\/v2\/media?parent=4679"}],"curies":[{"name":"wp","href":"https:\/\/api.w.org\/{rel}","templated":true}]}}