{"id":4457,"date":"2021-11-09T09:27:21","date_gmt":"2021-11-09T09:27:21","guid":{"rendered":"https:\/\/evoiki.webstart.gr\/social-responsibility\/"},"modified":"2024-10-29T11:01:06","modified_gmt":"2024-10-29T11:01:06","slug":"social-responsibility","status":"publish","type":"page","link":"https:\/\/evoiki-zimi.gr\/de\/social-responsibility\/","title":{"rendered":"social responsibility"},"content":{"rendered":"\n<h1>\n\t\tUNTERNEHMERISCHE SOZIALVERANTWORTUNG\n\t<\/h1>\n\t\t\t\t<img decoding=\"async\" src=\"http:\/\/evoiki-zimi.gr\/wp-content\/uploads\/2021\/12\/social-main-min.jpg\" alt=\"social-main-min\" itemprop=\"image\" title=\"social-main-min\" onerror=\"this.style.display='none'\"  \/>\n<h3>\n\t\tZimi Psachnon\n\t<\/h3>\n<h1>\n\t\tWir engagieren uns aktiv im Verein\n\t<\/h1>\n\t<p>Jedes Unternehmen stellt, unabh\u00e4ngig von seiner Gr\u00f6\u00dfe, einen wesentlichen Faktor des Marktes, aber auch einen untrennbaren Bestandteil der Gesellschaft, in der es sich bet\u00e4tigt, dar. Heutzutage ist die soziale Dimension der Unternehmen f\u00fcr deren reibungslosen und sozialvertr\u00e4glichen Betrieb, aber auch f\u00fcr ihre Wettbewerbsf\u00e4higkeit, von gro\u00dfer Bedeutung.<\/p>\n<p>Als unternehmerische Sozialverantwortung (CSR) bezeichnet man die freiwillige Verpflichtung von Unternehmen zur Umsetzung von Strategien, die sozialen und Umweltbedenken Rechnung tragen.<\/p>\n<p>Diese Strategien \u00e4u\u00dfern sich in der Praxis in entsprechenden Ma\u00dfnahmen, die zu nachhaltigem Wachstum, gesellschaftlicher Solidarit\u00e4t und zum Aufbau von Vertrauensverh\u00e4ltnissen zwischen Unternehmen und Besch\u00e4ftigten, lokalem Gemeinwesen und der Allgemeinheit beitragen.<\/p>\n<h3>\n\t\tZimi Psachnon\n\t<\/h3>\n<h1>\n\t\tAktionen zur sozialen Verantwortung\n\t<\/h1>\n\t\t\t\t<a href=\"\/wp-content\/uploads\/2024\/10\/signed_45002_el.pdf\" target=\"_blank\" rel=\"noopener\" itemprop=\"url\">\n\t\t\t\t<img loading=\"lazy\" decoding=\"async\" src=\"https:\/\/evoiki-zimi.gr\/wp-content\/uploads\/2024\/10\/image001.jpg\" alt=\"Ethos\" itemprop=\"image\" height=\"1559\" width=\"1300\" title=\"image001\" onerror=\"this.style.display='none'\"  \/>\n\t\t\t\t<\/a>\n\t<p>Ein von CSR HELLAS (Hellenic Network for Corporate Social Responsibility) und EUROCERT gemeinsam erstellter Standard zur Bewertung der sozialen Verantwortung von Unternehmen f\u00fcr Unternehmen, der sich auf die Grundprinzipien der sozialen Verantwortung von Unternehmen, des verantwortungsvollen Unternehmertums und der nachhaltigen Entwicklung konzentriert.<\/p>\n\n","protected":false},"excerpt":{"rendered":"<p>UNTERNEHMERISCHE SOZIALVERANTWORTUNG Zimi Psachnon Wir engagieren uns aktiv im Verein Jedes Unternehmen stellt, unabh\u00e4ngig von seiner Gr\u00f6\u00dfe, einen wesentlichen Faktor des Marktes, aber auch einen untrennbaren Bestandteil der Gesellschaft, in der es sich bet\u00e4tigt, dar. Heutzutage ist die soziale Dimension der Unternehmen f\u00fcr deren reibungslosen und sozialvertr\u00e4glichen Betrieb, aber auch f\u00fcr ihre Wettbewerbsf\u00e4higkeit, von gro\u00dfer&hellip;<\/p>\n","protected":false},"author":1,"featured_media":0,"parent":0,"menu_order":0,"comment_status":"closed","ping_status":"closed","template":"","meta":{"footnotes":""},"class_list":["post-4457","page","type-page","status-publish","hentry"],"acf":[],"_links":{"self":[{"href":"https:\/\/evoiki-zimi.gr\/de\/wp-json\/wp\/v2\/pages\/4457","targetHints":{"allow":["GET"]}}],"collection":[{"href":"https:\/\/evoiki-zimi.gr\/de\/wp-json\/wp\/v2\/pages"}],"about":[{"href":"https:\/\/evoiki-zimi.gr\/de\/wp-json\/wp\/v2\/types\/page"}],"author":[{"embeddable":true,"href":"https:\/\/evoiki-zimi.gr\/de\/wp-json\/wp\/v2\/users\/1"}],"replies":[{"embeddable":true,"href":"https:\/\/evoiki-zimi.gr\/de\/wp-json\/wp\/v2\/comments?post=4457"}],"version-history":[{"count":4,"href":"https:\/\/evoiki-zimi.gr\/de\/wp-json\/wp\/v2\/pages\/4457\/revisions"}],"predecessor-version":[{"id":6408,"href":"https:\/\/evoiki-zimi.gr\/de\/wp-json\/wp\/v2\/pages\/4457\/revisions\/6408"}],"wp:attachment":[{"href":"https:\/\/evoiki-zimi.gr\/de\/wp-json\/wp\/v2\/media?parent=4457"}],"curies":[{"name":"wp","href":"https:\/\/api.w.org\/{rel}","templated":true}]}}