{"id":4456,"date":"2021-11-09T08:00:38","date_gmt":"2021-11-09T08:00:38","guid":{"rendered":"https:\/\/evoiki.webstart.gr\/quality\/"},"modified":"2023-11-13T11:47:43","modified_gmt":"2023-11-13T11:47:43","slug":"quality","status":"publish","type":"page","link":"https:\/\/evoiki-zimi.gr\/de\/quality\/","title":{"rendered":"quality"},"content":{"rendered":"\n<h1>\n\t\tProduktqualitat\n\t<\/h1>\n\t\t\t\t<img decoding=\"async\" src=\"http:\/\/evoiki-zimi.gr\/wp-content\/uploads\/2021\/12\/quality-assurance-min.jpg\" alt=\"quality-assurance-min\" itemprop=\"image\" title=\"quality-assurance-min\" onerror=\"this.style.display='none'\"  \/>\n<h3>\n\t\tZimi Psachnon\n\t<\/h3>\n<h1>\n\t\tQUALIT\u00c4TSMANAGEMENT UND -SICHERUNG\n\t<\/h1>\n\t<p>EVOIKI ZIMI begann zusammen mit den \u00e4u\u00dferst handfertigen Hausfrauen von Eub\u00f6a, deren k\u00f6stliche traditionelle Rezepte zu erproben.<\/p>\n<p>Nachdem das Unternehmen allm\u00e4hlich die Geheimnisse der Zubereitung erlernt hatte, ging es zur Herstellung von Teigerzeugnissen \u00fcber, wobei es immer den beiden Grundprinzipien, n\u00e4mlich der Auswahl der besten Rohstoffe und der Authentizit\u00e4t der Rezepturen, treu bleibt und stets ein gleichbleibend hohes Qualit\u00e4tsniveau und den einzigartigen authentischen Geschmack seiner Produkte gew\u00e4hrleistet.<\/p>\n<h3>\n\t\tZimi Psachnon\n\t<\/h3>\n<h1>\n\t\tEINKAUF VON ROHSTOFFEN UND VERPACKUNGSMATERIALIEN\n\t<\/h1>\n\t<p>Die Auswahl der Rohstoffe und Verpackungsmaterialien erfolgt auf der Grundlage der vom Unternehmen umgesetzten strengen Standards.<\/p>\n<strong>ROHSTOFFE<\/strong><br \/>\nDas ausgew\u00e4hlte Mehl, der Hauptrohstoff unserer Erzeugnisse, kommt von griechischen Getreidem\u00fchlen und weist je nach herzustellendem Produkt besondere technische Merkmale auf. Das Mehl wird bei Lieferung in Silos eingelagert, von wo aus es direkt \u00fcber Rohrleitungen der Produktion zugef\u00fchrt wird, ohne mit externen Faktoren in Ber\u00fchrung zu kommen. Das gesamte Mehl passiert dabei Siebe und Magneten, die es von Fremdk\u00f6rpern reinigen. Das verwendete Mehl enth\u00e4lt keine gentechnisch ver\u00e4nderten Organismen (GMO).\n<p>Zur F\u00fcllung werden die K\u00e4sesorten Feta, Myzithra und Kasseri von zugelassenen und zertifizierten Molkereien verwendet. Die verwendeten Wurstsorten stammen von zugelassenen und zertifizierten griechischen Wurstwarenherstellern.<\/p>\n<strong>VERPACKUNGSMATERIALIEN<\/strong><br \/>\nDie verwendeten Verpackungsmaterialien, Kartons, Rollen, Schachteln, Boxen und sonstigen Materialien stammen ebenfalls von zugelassenen Lieferanten, die alle Sicherheits- und Hygienestandards f\u00fcr Lebensmittel erf\u00fcllen. Somit ist die sachgerechte Aufbewahrung der Lebensmittel und damit auch die Gesundheit der Verbraucher voll und ganz gew\u00e4hrleistet.\n\t\t\t\t<img decoding=\"async\" src=\"http:\/\/evoiki-zimi.gr\/wp-content\/uploads\/2021\/12\/quality-rawmaterials-min.jpg\" alt=\"quality-rawmaterials-min\" itemprop=\"image\" title=\"quality-rawmaterials-min\" onerror=\"this.style.display='none'\"  \/>\n\t\t\t\t<img decoding=\"async\" src=\"http:\/\/evoiki-zimi.gr\/wp-content\/uploads\/2021\/12\/quality-production-min.jpg\" alt=\"quality-production-min\" itemprop=\"image\" title=\"quality-production-min\" onerror=\"this.style.display='none'\"  \/>\n<h3>\n\t\tZimi Psachnon\n\t<\/h3>\n<h1>\n\t\tHERSTELLUNGSVERFAHREN\n\t<\/h1>\n\t<p>Das Unternehmen verf\u00fcgt \u00fcber die modernste technische Ausstattung, es sorgt f\u00fcr eine umfassende und fortlaufende Aus- und Weiterbildung seiner Mitarbeiter und f\u00fcr ein gleichbleibend hohes Qualit\u00e4tsniveau und den einzigartigen, authentischen Geschmack seiner Produkte.<\/p>\n<p>Die von Evoiki Zimi strikt umgesetzten Mechanismen stellen eine gleichbleibende Qualit\u00e4t, hohe Arbeits- und Verbrauchersicherheit sowie die Einhaltung der Qualit\u00e4tsmerkmale der Produkte sicher.<\/p>\n<h3>\n\t\tZimi Psachnon\n\t<\/h3>\n<h1>\n\t\tQualit\u00e4t &amp; Sicherheit\n\t<\/h1>\n\t<p>Evoiki Zimi steht f\u00fcr die Herstellung von qualitativ hochstehenden, althergebrachten Erzeugnissen, wobei modernste Technik mit der Tradition unserer Region einhergeht.<\/p>\n<p>Um diese Ziele zu erreichen und den Verpflichtungen gegen\u00fcber den Kunden nachzukommen, befolgen und verwirklichen Firmenleitung und Mitarbeiter folgende Grunds\u00e4tze:<\/p>\n<ul>\n<li>F\u00fchrung in der Herstellung von Teigerzeugnissen, Backwaren sowie traditionellen handgemachten Produkten.<\/li>\n<li>Herstellung und Vertrieb aller Produkte entsprechend den geltenden gesetzlichen Bestimmungen und Verordnungen Griechenlands und\/oder anderer L\u00e4nder, mit denen das Unternehmen kooperiert, unter gleichzeitiger Ber\u00fccksichtigung der jeweiligen Kundenw\u00fcnsche.<\/li>\n<li>Permanente Optimierung der Verfahren des Unternehmens und der gesch\u00e4ftlichen und zwischenmenschlichen Beziehungen.<\/li>\n<li>Erf\u00fcllung aller Anforderungen auf dem Gebiet des Qualit\u00e4tsmanagements und der Sicherheit der erzeugten Lebensmittel gem\u00e4\u00df ISO 22000: 2005, IFS und BRC.<\/li>\n<li>Setzen messbarer Ziele f\u00fcr Sicherheit und Hygiene mit einer j\u00e4hrlichen \u00dcberpr\u00fcfung durch die Gesch\u00e4ftsf\u00fchrung.<\/li>\n<\/ul>\n<p>Die Gesch\u00e4ftsleitung verpflichtet sich im Rahmen ihrer Qualit\u00e4ts- und Lebensmittelsicherheitspolitik, alle Mittel zur Verf\u00fcgung zu stellen, damit die genannten Ziele umgesetzt werden.<\/p>\n\t\t\t\t<img decoding=\"async\" src=\"http:\/\/evoiki-zimi.gr\/wp-content\/uploads\/2021\/12\/quality-safety-min.jpg\" alt=\"quality-safety-min\" itemprop=\"image\" title=\"quality-safety-min\" onerror=\"this.style.display='none'\"  \/>\n<h1>\n\t\tQualit\u00e4tssicherungszertifikate\n\t<\/h1>\n\t<strong>\u0395\u039b\u039f\u03a4 \u0395\u039d ISO 22000:2005<\/strong> (International Organization for Standardization)<br \/>\n<strong>ISO<\/strong> ist eine internationale Norm, die der Vereinheitlichung der Standards f\u00fcr die Lebensmittelsicherheit in Unternehmen dient, die sich auf internationaler Ebene mit Lebensmitteln und verwandten Gesch\u00e4ftsfeldern befassen.\n\t\t\t\t<img loading=\"lazy\" decoding=\"async\" src=\"https:\/\/evoiki-zimi.gr\/wp-content\/uploads\/2022\/08\/iso-logo-min-150x150.png\" alt=\"iso-logo-min\" itemprop=\"image\" height=\"150\" width=\"150\" title=\"iso-logo-min\" onerror=\"this.style.display='none'\"  \/>\n\t<strong>IFS (INTERNATIONAL FOOD STANDARD)<\/strong><br \/>\n<strong>IFS<\/strong> ist ein Standard, der die besonderen Anforderungen an Sicherheit, <strong>Gesetzeskonformit\u00e4t und Qualit\u00e4t<\/strong> von Lebensmitteln vorschreibt, an die sich Unternehmen zu halten haben, die Lebensmittel verarbeiten und\/oder verpacken. Der <strong>IFS-Standard<\/strong> wurde von den Einzelhandelsverb\u00e4nden Deutschlands und Frankreichs als ein wertvolles gemeinsames Instrument zur Kontrolle der Managementsysteme von Lieferanten und Einzelh\u00e4ndlern entwickelt. Der IFS wurde vom <strong>GFSI (Global Food Safety Institute)<\/strong> anerkannt und basiert auf den Grunds\u00e4tzen des HACCP-Konzepts mit besonderem Augenmerk auf guter Herstellungspraxis (<strong>GMP<\/strong>) und guter Hygienepraxis (<strong>GHP<\/strong>).\n\t\t\t\t<img loading=\"lazy\" decoding=\"async\" src=\"https:\/\/evoiki-zimi.gr\/wp-content\/uploads\/2022\/08\/ifs-logo-min-150x150.png\" alt=\"ifs-logo-min\" itemprop=\"image\" height=\"150\" width=\"150\" title=\"ifs-logo-min\" onerror=\"this.style.display='none'\"  \/>\n\t<strong>BRC (British Retail Consortium)<\/strong><br \/>\nDer <strong>BRC GLOBAL STANDARD FOR FOOD SAFET\u03a5<\/strong> wurde vom britischen <strong>Einzelhandelsverband entwickelt<\/strong> und stellt einen weltweit anerkannten grundlegenden Standard in Bezug auf die Anforderungen an Sicherheits- und Qualit\u00e4tsmanagementsysteme dar. Durch den <strong>BRC-Standard<\/strong> wird die Herstellung normiert und systematisiert, wodurch optimale Kontrolle, bestes Personalmanagement und somit eine Steigerung der Produktivit\u00e4t sichergestellt werden.\n\t\t\t\t<img loading=\"lazy\" decoding=\"async\" src=\"https:\/\/evoiki-zimi.gr\/wp-content\/uploads\/2022\/08\/brc-logo-min-150x150.png\" alt=\"brc-logo-min\" itemprop=\"image\" height=\"150\" width=\"150\" title=\"brc-logo-min\" onerror=\"this.style.display='none'\"  \/>\n\t\t\t<a href=\"https:\/\/evoiki-zimi.gr\/wp-content\/uploads\/2023\/11\/Certificate-ISO-22000-GR-EVOIKI-ZIMI.pdf\" target=\"_blank\" role=\"button\" rel=\"noopener\">\n\t\t\t\t\t\t\tDownload Certificate ISO 22000:2017\n\t\t\t\t\t<\/a>\n\t\t\t<a href=\"https:\/\/evoiki-zimi.gr\/wp-content\/uploads\/2023\/11\/Certificate-ISO-22000-EN-EVOIKI-ZIMI.pdf\" target=\"_blank\" role=\"button\" rel=\"noopener\">\n\t\t\t\t\t\t\tDownload Certificate ISO 22000:2018\n\t\t\t\t\t<\/a>\n\t\t\t<a href=\"https:\/\/evoiki-zimi.gr\/wp-content\/uploads\/2023\/11\/IFS-Kastella.pdf\" target=\"_blank\" role=\"button\" rel=\"noopener\">\n\t\t\t\t\t\t\tDownload IFS Certificate Kastella Factory\n\t\t\t\t\t<\/a>\n\t\t\t<a href=\"https:\/\/evoiki-zimi.gr\/wp-content\/uploads\/2023\/11\/EVOIKI-ZIMI_BK-PARVE-CERTIFICATE_-2023-corrected.pdf\" target=\"_blank\" role=\"button\" rel=\"noopener\">\n\t\t\t\t\t\t\tDownload Kosher Certificate Evoiki Zimi SA\n\t\t\t\t\t<\/a>\n\t\t\t<a href=\"https:\/\/evoiki-zimi.gr\/wp-content\/uploads\/2023\/11\/IFS-CHALKIDAS-SITE-IFS-2023.pdf\" target=\"_blank\" role=\"button\" rel=\"noopener\">\n\t\t\t\t\t\t\tDownload IFS Certificate Dokos Factory\n\t\t\t\t\t<\/a>\n\t\t\t<a href=\"https:\/\/evoiki-zimi.gr\/wp-content\/uploads\/2023\/11\/HALAL-Certificate_Chalkida.pdf\" target=\"_blank\" role=\"button\" rel=\"noopener\">\n\t\t\t\t\t\t\tDownload Halal Certificate Dokos Factory\n\t\t\t\t\t<\/a>\n\t\t\t<a href=\"https:\/\/evoiki-zimi.gr\/wp-content\/uploads\/2023\/11\/BRC-KASTELLA-SITE-BRCGS-2023.pdf\" target=\"_blank\" role=\"button\" rel=\"noopener\">\n\t\t\t\t\t\t\tDownload BRC Certificate Kastella Factory\n\t\t\t\t\t<\/a>\n\t\t\t<a href=\"https:\/\/evoiki-zimi.gr\/wp-content\/uploads\/2023\/11\/HALAL-Certificate_Kastella-Evia-1.pdf\" target=\"_self\" role=\"button\" rel=\"noopener\">\n\t\t\t\t\t\t\tDownload Halal Certificate Kastella Factory\n\t\t\t\t\t<\/a>\n\t\t\t<a href=\"https:\/\/evoiki-zimi.gr\/wp-content\/uploads\/2023\/11\/BRC-CHALKIDAS-SITE-BRCGS-2023-rev.1.pdf\" target=\"_blank\" role=\"button\" rel=\"noopener\">\n\t\t\t\t\t\t\tDownload BRC Certificate Dokos Factory\n\t\t\t\t\t<\/a>\n\n","protected":false},"excerpt":{"rendered":"<p>Produktqualitat Zimi Psachnon QUALIT\u00c4TSMANAGEMENT UND -SICHERUNG EVOIKI ZIMI begann zusammen mit den \u00e4u\u00dferst handfertigen Hausfrauen von Eub\u00f6a, deren k\u00f6stliche traditionelle Rezepte zu erproben. Nachdem das Unternehmen allm\u00e4hlich die Geheimnisse der Zubereitung erlernt hatte, ging es zur Herstellung von Teigerzeugnissen \u00fcber, wobei es immer den beiden Grundprinzipien, n\u00e4mlich der Auswahl der besten Rohstoffe und der Authentizit\u00e4t&hellip;<\/p>\n","protected":false},"author":1,"featured_media":0,"parent":0,"menu_order":0,"comment_status":"closed","ping_status":"closed","template":"","meta":{"footnotes":""},"class_list":["post-4456","page","type-page","status-publish","hentry"],"acf":[],"_links":{"self":[{"href":"https:\/\/evoiki-zimi.gr\/de\/wp-json\/wp\/v2\/pages\/4456","targetHints":{"allow":["GET"]}}],"collection":[{"href":"https:\/\/evoiki-zimi.gr\/de\/wp-json\/wp\/v2\/pages"}],"about":[{"href":"https:\/\/evoiki-zimi.gr\/de\/wp-json\/wp\/v2\/types\/page"}],"author":[{"embeddable":true,"href":"https:\/\/evoiki-zimi.gr\/de\/wp-json\/wp\/v2\/users\/1"}],"replies":[{"embeddable":true,"href":"https:\/\/evoiki-zimi.gr\/de\/wp-json\/wp\/v2\/comments?post=4456"}],"version-history":[{"count":3,"href":"https:\/\/evoiki-zimi.gr\/de\/wp-json\/wp\/v2\/pages\/4456\/revisions"}],"predecessor-version":[{"id":4844,"href":"https:\/\/evoiki-zimi.gr\/de\/wp-json\/wp\/v2\/pages\/4456\/revisions\/4844"}],"wp:attachment":[{"href":"https:\/\/evoiki-zimi.gr\/de\/wp-json\/wp\/v2\/media?parent=4456"}],"curies":[{"name":"wp","href":"https:\/\/api.w.org\/{rel}","templated":true}]}}