{"id":4455,"date":"2021-11-09T08:53:34","date_gmt":"2021-11-09T08:53:34","guid":{"rendered":"https:\/\/evoiki.webstart.gr\/exports\/"},"modified":"2022-06-28T09:19:26","modified_gmt":"2022-06-28T09:19:26","slug":"exports","status":"publish","type":"page","link":"https:\/\/evoiki-zimi.gr\/de\/exports\/","title":{"rendered":"exports"},"content":{"rendered":"\n<h1>\n\t\tExporte\n\t<\/h1>\n<h3>\n\t\tZimi Psachnon\n\t<\/h3>\n<h1>\n\t\tStarke Pr\u00e4senz im Ausland\n\t<\/h1>\n\t<p>Evoiki Zimi exportiert seine gesamte Produktpalette unter den Handelsnamen \u201eZimi Psachnon&#8220; und \u201eZimarika Psachnon&#8220; in mehr als 30 L\u00e4nder weltweit, von Australien bis Amerika.<\/p>\n<p>Bereits seit seiner Gr\u00fcndung hatte das Unternehmen den Export seiner Produkte im Blick, um den W\u00fcnschen der Auslandsgriechen nachzukommen. In der Folgezeit schuf das Unternehmen zur Systematisierung seiner Exportaktivit\u00e4ten eine organisierte Exportabteilung und nahm an internationalen Messen teil, wo es seine Erzeugnisse einer breiteren und vielf\u00e4ltigeren \u00d6ffentlichkeit pr\u00e4sentieren konnte. Die Resonanz war \u00fcberw\u00e4ltigend, was zu einem weiteren Ausbau der Exporte ermutigte und anspornte.<\/p>\n\t\t\t<img decoding=\"async\" src=\"http:\/\/evoiki-zimi.gr\/wp-content\/uploads\/2021\/11\/xartis_pagkosmias_EZ.jpg\" alt=\"\"\/>\n\t<p>Zu Beginn der Exportt\u00e4tigkeit stellten sich Schwierigkeiten bei der Marktdurchdringung ein, da der Erkennungswert des Markennamens bei ausl\u00e4ndischen Verbrauchern gering war. Das Unternehmen konzentrierte sich daher auf gewerbliche Abnehmer (Catering, Horeca), bei denen die Produktqualit\u00e4t im Vordergrund steht und nicht die Marke, und auf die Herstellung von Fertigprodukten f\u00fcr Gro\u00dfh\u00e4ndler, die bereits ihre eigenen Marken im regionalen Einzelhandel etabliert hatten. Somit konnte Evoiki Zimi seinen Kundenkreis weiter vergr\u00f6\u00dfern und seine Erzeugnisse auf einem wesentlich breiteren Markt als dem der Auslandsgriechen vertreiben.<\/p>\n\t\t\t\t<img decoding=\"async\" src=\"http:\/\/evoiki-zimi.gr\/wp-content\/uploads\/2021\/12\/exports-min.jpg\" alt=\"exports-min\" itemprop=\"image\" title=\"exports-min\" onerror=\"this.style.display='none'\"  \/>\n\t<p>Die Zukunftsplanungen bleiben dynamisch und sind auf die Erschlie\u00dfung neuer, lukrativer M\u00e4rkte und die Weiterentwicklung der bereits vorhandenen M\u00e4rkte ausgerichtet, sei es mit neuen Produkten, sei es durch neue Vertriebskan\u00e4le. Internationale Messen bleiben ein Instrument zur Absatzentwicklung, aber auch der Kommunikation mit Partnern und Verbrauchern, so dass das Unternehmen auch weiterhin auf den wichtigsten Messen pr\u00e4sent sein und dort seine Produkte promoten wird.<\/p>\n<p>Durch seine Exporte kam Evoiki Zimi mit anderen Kulturen, anderen Geschm\u00e4ckern und Qualit\u00e4tsmerkmalen in Ber\u00fchrung und konnte dadurch die Herstellungstechniken verbessern und Anreize zur Kreation neuer Produkte geben.<\/p>\n<form>\n\t<input type=\"hidden\" name=\"fl-layout-id\" value=\"4455\" \/>\n\t    \t<h3>Kontaktformular f\u00fcr Exporte<\/h3>\n\t\t\t\t<p>F\u00fcllen Sie das Formular aus, damit wir Sie kontaktieren k\u00f6nnen, um mit Ihnen zusammenzuarbeiten oder eine Eigenmarke zu produzieren.<\/p>\n    \t\t<label for=\"pp-name-\">Name der Firma<\/label>\n    \t\tBitte gib Deinen Namen ein.\n    \t\t<input type=\"text\" name=\"pp-name\" id=\"pp-name-\" value=\"\" placeholder=\"Name der Firma\"  \/>\n    \t\t<label for=\"pp-email-\">Email<\/label>\n    \t\tBitte gib eine valide E-Mail Adresse an.\n    \t\t<input type=\"email\" name=\"pp-email\" id=\"pp-email-\" value=\"\" placeholder=\"Email\"  \/>\n    \t\t<label for=\"pp-phone-\">Phone<\/label>\n    \t\tBitte gib eine g\u00fcltige Telefonnummer an.\n    \t\t<input type=\"tel\" name=\"pp-phone\" id=\"pp-phone-\" value=\"\" placeholder=\"Phone\"  \/>\n    \t\t<label for=\"pp-subject-\">Address<\/label>\n    \t\tBitte geben Sie einen Betreff ein.\n    \t\t<input type=\"text\" name=\"pp-subject\" id=\"pp-subject-\" value=\"\" placeholder=\"Address\"  \/>\n    \t\t<label for=\"pp-message-\">Tell us more for your company<\/label>\n    \t\tPlease type your message.\n    \t\t<textarea name=\"pp-message\" id=\"pp-message-\" placeholder=\"Tell us more for your company\"><\/textarea>\n\t\t<input type=\"checkbox\" name=\"pp-checkbox\" id=\"pp-checkbox_\" value=\"1\" \/>\n\t\t<label for=\"pp-checkbox_\">I accept the Terms &#038; Conditions<\/label>\n\t\tPlease check this field.\n    \t<a href=\"#\" target=\"_self\" role=\"button\" rel=\"noopener\">\n    \t\t    \t\t    \t\tSend\n    \t\t    \t\t    \t<\/a>\n\t\t\tNachricht gesendet!\n\t\t\tMessage failed. Please try again.\n<\/form>\n\n","protected":false},"excerpt":{"rendered":"<p>Exporte Zimi Psachnon Starke Pr\u00e4senz im Ausland Evoiki Zimi exportiert seine gesamte Produktpalette unter den Handelsnamen \u201eZimi Psachnon&#8220; und \u201eZimarika Psachnon&#8220; in mehr als 30 L\u00e4nder weltweit, von Australien bis Amerika. Bereits seit seiner Gr\u00fcndung hatte das Unternehmen den Export seiner Produkte im Blick, um den W\u00fcnschen der Auslandsgriechen nachzukommen. In der Folgezeit schuf das&hellip;<\/p>\n","protected":false},"author":1,"featured_media":0,"parent":0,"menu_order":0,"comment_status":"closed","ping_status":"closed","template":"","meta":{"footnotes":""},"class_list":["post-4455","page","type-page","status-publish","hentry"],"acf":[],"_links":{"self":[{"href":"https:\/\/evoiki-zimi.gr\/de\/wp-json\/wp\/v2\/pages\/4455","targetHints":{"allow":["GET"]}}],"collection":[{"href":"https:\/\/evoiki-zimi.gr\/de\/wp-json\/wp\/v2\/pages"}],"about":[{"href":"https:\/\/evoiki-zimi.gr\/de\/wp-json\/wp\/v2\/types\/page"}],"author":[{"embeddable":true,"href":"https:\/\/evoiki-zimi.gr\/de\/wp-json\/wp\/v2\/users\/1"}],"replies":[{"embeddable":true,"href":"https:\/\/evoiki-zimi.gr\/de\/wp-json\/wp\/v2\/comments?post=4455"}],"version-history":[{"count":1,"href":"https:\/\/evoiki-zimi.gr\/de\/wp-json\/wp\/v2\/pages\/4455\/revisions"}],"predecessor-version":[{"id":4711,"href":"https:\/\/evoiki-zimi.gr\/de\/wp-json\/wp\/v2\/pages\/4455\/revisions\/4711"}],"wp:attachment":[{"href":"https:\/\/evoiki-zimi.gr\/de\/wp-json\/wp\/v2\/media?parent=4455"}],"curies":[{"name":"wp","href":"https:\/\/api.w.org\/{rel}","templated":true}]}}