{"id":4441,"date":"2021-04-15T12:12:50","date_gmt":"2021-04-15T12:12:50","guid":{"rendered":"https:\/\/evoiki.webstart.gr\/home\/"},"modified":"2022-05-12T09:49:03","modified_gmt":"2022-05-12T09:49:03","slug":"home","status":"publish","type":"page","link":"https:\/\/evoiki-zimi.gr\/de\/","title":{"rendered":"home"},"content":{"rendered":"\n\n\t\n\t\t\t<!-- START home hiro DE REVOLUTION SLIDER 6.3.1 --><p class=\"rs-p-wp-fix\"><\/p>\n\t\t\t<rs-module-wrap id=\"rev_slider_3_1_wrapper\" data-source=\"gallery\" style=\"background:transparent;padding:0;margin:0px auto;margin-top:0;margin-bottom:0;\">\n\t\t\t\t<rs-module id=\"rev_slider_3_1\" style=\"\" data-version=\"6.3.1\">\n\t\t\t\t\t<rs-slides>\n\t\t\t\t\t\t<rs-slide data-key=\"rs-3\" data-title=\"Slide\" data-anim=\"ei:d;eo:d;s:1000;r:0;t:fade;sl:0;\">\n\t\t\t\t\t\t\t<img loading=\"lazy\" decoding=\"async\" src=\"\/\/evoiki-zimi.gr\/wp-content\/uploads\/2022\/03\/background-min.jpg\" title=\"background-min\" width=\"2500\" height=\"754\" class=\"rev-slidebg\" data-no-retina>\n<!--\n\t\t\t\t\t\t\t--><rs-layer\n\t\t\t\t\t\t\t\tid=\"slider-3-slide-3-layer-0\" \n\t\t\t\t\t\t\t\tdata-type=\"image\"\n\t\t\t\t\t\t\t\tdata-rsp_ch=\"on\"\n\t\t\t\t\t\t\t\tdata-xy=\"x:-564px;y:410px;\"\n\t\t\t\t\t\t\t\tdata-text=\"w:normal;\"\n\t\t\t\t\t\t\t\tdata-dim=\"w:500px;h:421px;\"\n\t\t\t\t\t\t\t\tdata-frame_1=\"x:460px;y:-2px;sp:2370;\"\n\t\t\t\t\t\t\t\tdata-frame_999=\"o:0;st:w;sR:6630;\"\n\t\t\t\t\t\t\t\tstyle=\"z-index:14;\"\n\t\t\t\t\t\t\t><img loading=\"lazy\" decoding=\"async\" src=\"\/\/evoiki-zimi.gr\/wp-content\/uploads\/2022\/03\/alevri-min.png\" width=\"500\" height=\"421\" data-no-retina> \n\t\t\t\t\t\t\t<\/rs-layer><!--\n\n\t\t\t\t\t\t\t--><rs-layer\n\t\t\t\t\t\t\t\tid=\"slider-3-slide-3-layer-2\" \n\t\t\t\t\t\t\t\tdata-type=\"image\"\n\t\t\t\t\t\t\t\tdata-rsp_ch=\"on\"\n\t\t\t\t\t\t\t\tdata-xy=\"x:-355px;y:31px;\"\n\t\t\t\t\t\t\t\tdata-text=\"w:normal;\"\n\t\t\t\t\t\t\t\tdata-dim=\"w:600px;h:625px;\"\n\t\t\t\t\t\t\t\tdata-frame_1=\"x:65px;y:-15px;st:480;sp:2400;sR:480;\"\n\t\t\t\t\t\t\t\tdata-frame_999=\"o:0;st:w;sR:6120;\"\n\t\t\t\t\t\t\t\tstyle=\"z-index:12;\"\n\t\t\t\t\t\t\t><img loading=\"lazy\" decoding=\"async\" src=\"\/\/evoiki-zimi.gr\/wp-content\/uploads\/2022\/03\/tiropitakia-min.png\" width=\"400\" height=\"417\" data-no-retina> \n\t\t\t\t\t\t\t<\/rs-layer><!--\n\n\t\t\t\t\t\t\t--><rs-layer\n\t\t\t\t\t\t\t\tid=\"slider-3-slide-3-layer-3\" \n\t\t\t\t\t\t\t\tdata-type=\"image\"\n\t\t\t\t\t\t\t\tdata-rsp_ch=\"on\"\n\t\t\t\t\t\t\t\tdata-xy=\"x:-47px;y:502px;\"\n\t\t\t\t\t\t\t\tdata-text=\"w:normal;\"\n\t\t\t\t\t\t\t\tdata-dim=\"w:824px;h:374px;\"\n\t\t\t\t\t\t\t\tdata-frame_1=\"x:-13px;y:35px;st:1080;sp:2170;sR:1080;\"\n\t\t\t\t\t\t\t\tdata-frame_999=\"o:0;st:w;sR:5750;\"\n\t\t\t\t\t\t\t\tstyle=\"z-index:13;\"\n\t\t\t\t\t\t\t><img loading=\"lazy\" decoding=\"async\" src=\"\/\/evoiki-zimi.gr\/wp-content\/uploads\/2022\/03\/staxy-min.png\" width=\"500\" height=\"227\" data-no-retina> \n\t\t\t\t\t\t\t<\/rs-layer><!--\n\n\t\t\t\t\t\t\t--><rs-layer\n\t\t\t\t\t\t\t\tid=\"slider-3-slide-3-layer-9\" \n\t\t\t\t\t\t\t\tdata-type=\"image\"\n\t\t\t\t\t\t\t\tdata-rsp_ch=\"on\"\n\t\t\t\t\t\t\t\tdata-xy=\"x:640px;y:-45px;\"\n\t\t\t\t\t\t\t\tdata-text=\"w:normal;\"\n\t\t\t\t\t\t\t\tdata-dim=\"w:1000px;h:897px;\"\n\t\t\t\t\t\t\t\tdata-blendmode=\"overlay\"\n\t\t\t\t\t\t\t\tdata-frame_1=\"st:2970;sp:1020;sR:2970;\"\n\t\t\t\t\t\t\t\tdata-frame_999=\"o:0;st:w;sR:5010;\"\n\t\t\t\t\t\t\t\tstyle=\"z-index:8;\"\n\t\t\t\t\t\t\t><img loading=\"lazy\" decoding=\"async\" src=\"\/\/evoiki-zimi.gr\/wp-content\/uploads\/2022\/03\/red-2.png\" width=\"505\" height=\"453\" data-no-retina> \n\t\t\t\t\t\t\t<\/rs-layer><!--\n\n\t\t\t\t\t\t\t--><rs-layer\n\t\t\t\t\t\t\t\tid=\"slider-3-slide-3-layer-10\" \n\t\t\t\t\t\t\t\tdata-type=\"image\"\n\t\t\t\t\t\t\t\tdata-rsp_ch=\"on\"\n\t\t\t\t\t\t\t\tdata-xy=\"x:141px;y:23px;\"\n\t\t\t\t\t\t\t\tdata-text=\"w:normal;\"\n\t\t\t\t\t\t\t\tdata-dim=\"w:1500px;h:894px;\"\n\t\t\t\t\t\t\t\tdata-blendmode=\"overlay\"\n\t\t\t\t\t\t\t\tdata-frame_1=\"st:4340;sp:1030;sR:4340;\"\n\t\t\t\t\t\t\t\tdata-frame_999=\"o:0;st:w;sR:3630;\"\n\t\t\t\t\t\t\t\tstyle=\"z-index:9;\"\n\t\t\t\t\t\t\t><img loading=\"lazy\" decoding=\"async\" src=\"\/\/evoiki-zimi.gr\/wp-content\/uploads\/2022\/03\/green2.png\" width=\"760\" height=\"453\" data-no-retina> \n\t\t\t\t\t\t\t<\/rs-layer><!--\n\n\t\t\t\t\t\t\t--><rs-layer\n\t\t\t\t\t\t\t\tid=\"slider-3-slide-3-layer-11\" \n\t\t\t\t\t\t\t\tdata-type=\"image\"\n\t\t\t\t\t\t\t\tdata-rsp_ch=\"on\"\n\t\t\t\t\t\t\t\tdata-xy=\"x:-357px;y:78px;\"\n\t\t\t\t\t\t\t\tdata-text=\"w:normal;\"\n\t\t\t\t\t\t\t\tdata-dim=\"w:2000px;h:906px;\"\n\t\t\t\t\t\t\t\tdata-blendmode=\"overlay\"\n\t\t\t\t\t\t\t\tdata-frame_1=\"st:5730;sp:1020;sR:5730;\"\n\t\t\t\t\t\t\t\tdata-frame_999=\"o:0;st:w;sR:2250;\"\n\t\t\t\t\t\t\t\tstyle=\"z-index:10;\"\n\t\t\t\t\t\t\t><img loading=\"lazy\" decoding=\"async\" src=\"\/\/evoiki-zimi.gr\/wp-content\/uploads\/2022\/03\/yellow-1-min.png\" width=\"1000\" height=\"453\" data-no-retina> \n\t\t\t\t\t\t\t<\/rs-layer><!--\n\n\t\t\t\t\t\t\t--><rs-layer\n\t\t\t\t\t\t\t\tid=\"slider-3-slide-3-layer-12\" \n\t\t\t\t\t\t\t\tdata-type=\"image\"\n\t\t\t\t\t\t\t\tdata-rsp_ch=\"on\"\n\t\t\t\t\t\t\t\tdata-xy=\"x:492px;y:2px;\"\n\t\t\t\t\t\t\t\tdata-text=\"w:normal;\"\n\t\t\t\t\t\t\t\tdata-dim=\"w:439px;h:221px;\"\n\t\t\t\t\t\t\t\tdata-blendmode=\"overlay\"\n\t\t\t\t\t\t\t\tdata-frame_1=\"st:1580;sp:2940;sR:1580;\"\n\t\t\t\t\t\t\t\tdata-frame_999=\"o:0;st:w;sR:4480;\"\n\t\t\t\t\t\t\t\tstyle=\"z-index:11;\"\n\t\t\t\t\t\t\t><img loading=\"lazy\" decoding=\"async\" src=\"\/\/evoiki-zimi.gr\/wp-content\/uploads\/2022\/03\/fresh-fillo-min.png\" width=\"400\" height=\"201\" data-no-retina> \n\t\t\t\t\t\t\t<\/rs-layer><!--\n\n\t\t\t\t\t\t\t--><rs-layer\n\t\t\t\t\t\t\t\tid=\"slider-3-slide-3-layer-13\" \n\t\t\t\t\t\t\t\tdata-type=\"image\"\n\t\t\t\t\t\t\t\tdata-rsp_ch=\"on\"\n\t\t\t\t\t\t\t\tdata-xy=\"x:1241px;y:-161px;\"\n\t\t\t\t\t\t\t\tdata-text=\"w:normal;\"\n\t\t\t\t\t\t\t\tdata-dim=\"w:850px;h:559px;\"\n\t\t\t\t\t\t\t\tdata-frame_1=\"x:-466px;y:479px;st:3500;sp:1740;sR:3500;\"\n\t\t\t\t\t\t\t\tdata-frame_999=\"o:0;st:w;sR:3760;\"\n\t\t\t\t\t\t\t\tstyle=\"z-index:15;\"\n\t\t\t\t\t\t\t><img loading=\"lazy\" decoding=\"async\" src=\"\/\/evoiki-zimi.gr\/wp-content\/uploads\/2022\/03\/fresko-fillo-kataifi-min-1.png\" width=\"800\" height=\"526\" data-no-retina> \n\t\t\t\t\t\t\t<\/rs-layer><!--\n\n\t\t\t\t\t\t\t--><rs-layer\n\t\t\t\t\t\t\t\tid=\"slider-3-slide-3-layer-15\" \n\t\t\t\t\t\t\t\tdata-type=\"image\"\n\t\t\t\t\t\t\t\tdata-rsp_ch=\"on\"\n\t\t\t\t\t\t\t\tdata-xy=\"x:1236px;y:-479px;\"\n\t\t\t\t\t\t\t\tdata-text=\"w:normal;\"\n\t\t\t\t\t\t\t\tdata-dim=\"w:1000px;h:658px;\"\n\t\t\t\t\t\t\t\tdata-frame_1=\"x:-620;y:590;st:4820;sp:1730;sR:4820;\"\n\t\t\t\t\t\t\t\tdata-frame_999=\"o:0;st:w;sR:2450;\"\n\t\t\t\t\t\t\t\tstyle=\"z-index:16;\"\n\t\t\t\t\t\t\t><img loading=\"lazy\" decoding=\"async\" src=\"\/\/evoiki-zimi.gr\/wp-content\/uploads\/2022\/03\/fresko-fillo-kroustas-min-1.png\" width=\"800\" height=\"526\" data-no-retina> \n\t\t\t\t\t\t\t<\/rs-layer><!--\n\n\t\t\t\t\t\t\t--><rs-layer\n\t\t\t\t\t\t\t\tid=\"slider-3-slide-3-layer-16\" \n\t\t\t\t\t\t\t\tdata-type=\"image\"\n\t\t\t\t\t\t\t\tdata-rsp_ch=\"on\"\n\t\t\t\t\t\t\t\tdata-xy=\"x:1248px;y:-603px;\"\n\t\t\t\t\t\t\t\tdata-text=\"w:normal;\"\n\t\t\t\t\t\t\t\tdata-dim=\"w:1000px;h:658px;\"\n\t\t\t\t\t\t\t\tdata-frame_1=\"x:-842px;y:634px;st:6290;sp:1750;sR:6290;\"\n\t\t\t\t\t\t\t\tdata-frame_999=\"o:0;st:w;sR:960;\"\n\t\t\t\t\t\t\t\tstyle=\"z-index:17;\"\n\t\t\t\t\t\t\t><img loading=\"lazy\" decoding=\"async\" src=\"\/\/evoiki-zimi.gr\/wp-content\/uploads\/2022\/03\/fresko-xoriatiko-fillo-min-1.png\" width=\"800\" height=\"526\" data-no-retina> \n\t\t\t\t\t\t\t<\/rs-layer><!--\n\n\t\t\t\t\t\t\t--><rs-layer\n\t\t\t\t\t\t\t\tid=\"slider-3-slide-3-layer-17\" \n\t\t\t\t\t\t\t\tdata-type=\"text\"\n\t\t\t\t\t\t\t\tdata-color=\"#fff\"\n\t\t\t\t\t\t\t\tdata-rsp_ch=\"on\"\n\t\t\t\t\t\t\t\tdata-xy=\"x:265px;y:238px;\"\n\t\t\t\t\t\t\t\tdata-text=\"w:normal;s:40;l:50;fw:300;\"\n\t\t\t\t\t\t\t\tdata-dim=\"w:382.60400000000004px;minh:0px;\"\n\t\t\t\t\t\t\t\tdata-frame_1=\"st:6730;sp:1820;sR:6730;\"\n\t\t\t\t\t\t\t\tdata-frame_999=\"o:0;st:w;sR:450;\"\n\t\t\t\t\t\t\t\tstyle=\"z-index:18;font-family:Manrope;\"\n\t\t\t\t\t\t\t>Entdecken Sie unser frisches Fillo-Geb\u00e4ck \n\t\t\t\t\t\t\t<\/rs-layer><!--\n\n\t\t\t\t\t\t\t--><a\n\t\t\t\t\t\t\t\tid=\"slider-3-slide-3-layer-18\" \n\t\t\t\t\t\t\t\tclass=\"rs-layer rev-btn\"\n\t\t\t\t\t\t\t\thref=\"\/de\/consumer\/frischer-fylloteig\/\" target=\"_self\"\n\t\t\t\t\t\t\t\tdata-type=\"button\"\n\t\t\t\t\t\t\t\tdata-color=\"#ffffff\"\n\t\t\t\t\t\t\t\tdata-bsh=\"c:rgba(0,0,0,0.25);v:10px;b:20px;\"\n\t\t\t\t\t\t\t\tdata-rsp_ch=\"on\"\n\t\t\t\t\t\t\t\tdata-xy=\"x:265px;y:372px;\"\n\t\t\t\t\t\t\t\tdata-text=\"w:normal;s:18;l:50;\"\n\t\t\t\t\t\t\t\tdata-dim=\"minh:0px;\"\n\t\t\t\t\t\t\t\tdata-padding=\"r:40;l:40;\"\n\t\t\t\t\t\t\t\tdata-border=\"bor:5px,5px,5px,5px;\"\n\t\t\t\t\t\t\t\tdata-frame_1=\"st:7360;sp:1640;sR:7360;\"\n\t\t\t\t\t\t\t\tdata-frame_999=\"o:0;st:w;\"\n\t\t\t\t\t\t\t\tdata-frame_hover=\"bgc:#007aff;bor:5px,5px,5px,5px;e:power1.inOut;bri:120%;\"\n\t\t\t\t\t\t\t\tstyle=\"z-index:19;background:linear-gradient(rgba(255,21,72,1) 0%, rgba(226,0,49,1) 100%);font-family:Ubuntu;\"\n\t\t\t\t\t\t\t>Frischer Fylloteig \n\t\t\t\t\t\t\t<\/a><!--\n-->\t\t\t\t\t\t<\/rs-slide>\n\t\t\t\t\t<\/rs-slides>\n\t\t\t\t<\/rs-module>\n\t\t\t\t<script type=\"text\/javascript\">\n\t\t\t\t\tsetREVStartSize({c: 'rev_slider_3_1',rl:[1240,1024,778,480],el:[748],gw:[1240],gh:[748],type:'hero',justify:'',layout:'fullwidth',mh:\"0\"});\n\t\t\t\t\tvar\trevapi3,\n\t\t\t\t\t\ttpj;\n\t\t\t\t\tfunction revinit_revslider31() {\n\t\t\t\t\tjQuery(function() {\n\t\t\t\t\t\ttpj = jQuery;\n\t\t\t\t\t\trevapi3 = tpj(\"#rev_slider_3_1\");\n\t\t\t\t\t\tif(revapi3==undefined || revapi3.revolution == undefined){\n\t\t\t\t\t\t\trevslider_showDoubleJqueryError(\"rev_slider_3_1\");\n\t\t\t\t\t\t}else{\n\t\t\t\t\t\t\trevapi3.revolution({\n\t\t\t\t\t\t\t\tsliderType:\"hero\",\n\t\t\t\t\t\t\t\tsliderLayout:\"fullwidth\",\n\t\t\t\t\t\t\t\tvisibilityLevels:\"1240,1024,778,480\",\n\t\t\t\t\t\t\t\tgridwidth:1240,\n\t\t\t\t\t\t\t\tgridheight:748,\n\t\t\t\t\t\t\t\tperspective:600,\n\t\t\t\t\t\t\t\tperspectiveType:\"global\",\n\t\t\t\t\t\t\t\teditorheight:\"748,768,960,720\",\n\t\t\t\t\t\t\t\tresponsiveLevels:\"1240,1024,778,480\",\n\t\t\t\t\t\t\t\tprogressBar:{disableProgressBar:true},\n\t\t\t\t\t\t\t\tnavigation: {\n\t\t\t\t\t\t\t\t\tonHoverStop:false\n\t\t\t\t\t\t\t\t},\n\t\t\t\t\t\t\t\tfallbacks: {\n\t\t\t\t\t\t\t\t\tallowHTML5AutoPlayOnAndroid:true\n\t\t\t\t\t\t\t\t},\n\t\t\t\t\t\t\t});\n\t\t\t\t\t\t}\n\t\t\t\t\t\t\n\t\t\t\t\t});\n\t\t\t\t\t} \/\/ End of RevInitScript\n\t\t\t\tvar once_revslider31 = false;\n\t\t\t\tif (document.readyState === \"loading\") {document.addEventListener('readystatechange',function() { if((document.readyState === \"interactive\" || document.readyState === \"complete\") && !once_revslider31 ) { once_revslider31 = true; revinit_revslider31();}});} else {once_revslider31 = true; revinit_revslider31();}\n\t\t\t\t<\/script>\n\t\t\t<\/rs-module-wrap>\n\t\t\t<!-- END REVOLUTION SLIDER -->\n\n\t<p>LERNE UNS KENNEN<\/p>\n<h3>\n\t\tZIMI PSACHNON\n\t<\/h3>\n\t<p>Pies mit rustikalen Blatt&#8230; Der Stolz jeder Hausfrau war ihre Brot und Kuchen Productionsf\u00e4higkeit. Volksweisheiten wie &#8222;zu essen Kuchen aus ihren H\u00e4nden und lecken deine Finger&#8220;, sind noch heute genannt um eine &#8222;goldh\u00e4nde&#8220; Hausfrau zu prahlen.<\/p>\n\t\t\t<a href=\"#\" target=\"_self\" role=\"button\" rel=\"noopener\">\n\t\t\t\t\t\t\tLERN MEHR\n\t\t\t\t\t<\/a>\n\t\t\t\t<img loading=\"lazy\" decoding=\"async\" src=\"http:\/\/evoiki-zimi.gr\/wp-content\/uploads\/2021\/04\/Pictogram_1-1.png\" alt=\"Pictogram_1\" itemprop=\"image\" height=\"55\" width=\"55\" title=\"Pictogram_1\" onerror=\"this.style.display='none'\"  \/>\n\tWIR GEBRAUCHEN<br \/>\nAUSGEZEICHNETE MATERIALIEN\n\t<p>Feine Zutaten machen den Geschmacksunterschied<\/p>\n\t\t\t\t<img loading=\"lazy\" decoding=\"async\" src=\"http:\/\/evoiki-zimi.gr\/wp-content\/uploads\/2021\/04\/Pictogram_4-1.png\" alt=\"Pictogram_4\" itemprop=\"image\" height=\"55\" width=\"55\" title=\"Pictogram_4\" onerror=\"this.style.display='none'\"  \/>\n\t<p>33 % WENIGER KUNSTSTOFF IN VERPACKUNGEN<\/p>\n\t<p>Wir tragen zur Reduzierung des \u00f6kologischen Fu\u00dfabdrucks bei<\/p>\n\t\t\t\t<img loading=\"lazy\" decoding=\"async\" src=\"http:\/\/evoiki-zimi.gr\/wp-content\/uploads\/2021\/04\/Pictogram_3-1.png\" alt=\"Pictogram_3\" itemprop=\"image\" height=\"55\" width=\"55\" title=\"Pictogram_3\" onerror=\"this.style.display='none'\"  \/>\n\tQUALIT\u00c4T<br \/>\n&#038; GESCHMACK\n\t<p>Unsere Priorit\u00e4t ist die Qualit\u00e4tssicherung aller unserer Produkte<\/p>\n\t\t\t\t<img loading=\"lazy\" decoding=\"async\" src=\"http:\/\/evoiki-zimi.gr\/wp-content\/uploads\/2021\/04\/Pictogram_2-1.png\" alt=\"Pictogram_2\" itemprop=\"image\" height=\"55\" width=\"55\" title=\"Pictogram_2\" onerror=\"this.style.display='none'\"  \/>\n\tVON GENERATION<br \/>\nIN DER GENERATION\n\t<p>Unsere traditionellen Rezepte werden von Generation zu Generation weitergegeben<\/p>\n\t<p>F\u00dcR DAS HAUS<\/p>\n<h3>\n\t\tEINZELHANDELSPRODUKTE\n\t<\/h3>\n\t\t\t\t<a href=\"\/de\/consumer\/fillo-pastries\/\" target=\"_self\" itemprop=\"url\" rel=\"noopener\">\n\t\t\t\t<img decoding=\"async\" src=\"https:\/\/evoiki-zimi.gr\/wp-content\/uploads\/2021\/04\/retail-products-dough.png\" alt=\"retail-products-dough\" itemprop=\"image\" title=\"retail-products-dough\" onerror=\"this.style.display='none'\"  \/>\n\t\t\t\t<\/a>\n\t<p><a href=\"\/de\/consumer\/fillo-pastries\/\">TEIGBL\u00c4TTER<\/a><\/p>\n\t<p><a href=\"\/de\/consumer\/fillo-pastries\/\">Entdecken Sie alle Backwaren mit unseren traditionellen Rezepten und stellen Sie Ihre eigenen Kuchen her. Mit 30 Jahren Erfahrung und griechischer Tradition. <\/a><\/p>\n\t\t\t\t<a href=\"\/de\/consumer\/teigwaren\/\" target=\"_self\" itemprop=\"url\" rel=\"noopener\">\n\t\t\t\t<img decoding=\"async\" src=\"https:\/\/evoiki-zimi.gr\/wp-content\/uploads\/2021\/04\/retail-products-pasta.png\" alt=\"retail-products-pasta]\" itemprop=\"image\" title=\"retail-products-pasta]\" onerror=\"this.style.display='none'\"  \/>\n\t\t\t\t<\/a>\n\t<p><a href=\"\/de\/consumer\/teigwaren\/\">PASTA<\/a><\/p>\n\t<p><a href=\"\/de\/consumer\/teigwaren\/\"> Einzigartige traditionelle Pasta nach Gro\u00dfmutters Rezepten! Kreieren Sie authentische &#8222;Dorf&#8220;-Aromen mit der Auswahl an Evian-Nudeln und genie\u00dfen Sie k\u00f6stliche griechische Gerichte.<\/a><\/p>\n\t\t\t\t<a href=\"\/de\/consumer\/endprodukte\/\" target=\"_self\" itemprop=\"url\" rel=\"noopener\">\n\t\t\t\t<img decoding=\"async\" src=\"https:\/\/evoiki-zimi.gr\/wp-content\/uploads\/2021\/04\/retail-products-ready.png\" alt=\"retail-products-ready\" itemprop=\"image\" title=\"retail-products-ready\" onerror=\"this.style.display='none'\"  \/>\n\t\t\t\t<\/a>\n\t<p><a href=\"\/de\/consumer\/endprodukte\/\">FERTIGE PRODUKTE<\/a><\/p>\n\t<p><a href=\"\/de\/consumer\/endprodukte\/\">Wir haben f\u00fcr Sie herzhafte und s\u00fc\u00dfe L\u00f6sungen kreiert, die direkt aus dem K\u00fchlschrank ofenfertig sind. Unser Sortiment umfasst Fingerfood, Einzel- und Familienkuchen und einige traditionelle Evian-Geb\u00e4cke!<\/a><\/p>\n\t<p>F\u00dcR DEN PROFI<\/p>\n<h3>\n\t\tGROSSHANDELSPRODUKTE\n\t<\/h3>\n\t\t\t\t<img loading=\"lazy\" decoding=\"async\" src=\"http:\/\/evoiki-zimi.gr\/wp-content\/uploads\/2021\/04\/placeholder-pro.png\" alt=\"placeholder-pro\" itemprop=\"image\" height=\"79\" width=\"79\" title=\"placeholder-pro\" onerror=\"this.style.display='none'\"  \/>\n\t<p><a href=\"\/de\/wholesale\/filoteig\/\">TEIGBL\u00c4TTER<\/a><\/p>\n\t<p><a href=\"\/de\/wholesale\/filoteig\/\"> Gro\u00dfe Auswahl an frischem und tiefgefrorenem Geb\u00e4ck mit unseren traditionellen Rezepten, ideal f\u00fcr Profis. <\/a><\/p>\n\t\t\t\t<img loading=\"lazy\" decoding=\"async\" src=\"http:\/\/evoiki-zimi.gr\/wp-content\/uploads\/2021\/04\/placeholder-pro.png\" alt=\"placeholder-pro\" itemprop=\"image\" height=\"79\" width=\"79\" title=\"placeholder-pro\" onerror=\"this.style.display='none'\"  \/>\n\t<p><a href=\"\/de\/wholesale\/teigwaren\/\">PASTA<\/a><\/p>\n\t<p><a href=\"\/de\/wholesale\/teigwaren\/\"> Kreieren Sie k\u00f6stliche griechische Gerichte mit traditionellen Evian-Nudeln nach Omas Rezepten. <\/a><\/p>\n\t\t\t\t<img loading=\"lazy\" decoding=\"async\" src=\"http:\/\/evoiki-zimi.gr\/wp-content\/uploads\/2021\/04\/placeholder-pro.png\" alt=\"placeholder-pro\" itemprop=\"image\" height=\"79\" width=\"79\" title=\"placeholder-pro\" onerror=\"this.style.display='none'\"  \/>\n\t<p><a href=\"\/de\/wholesale\/endprodukte\/\">FERTIGE PRODUKTE<\/a><\/p>\n\t<p><a href=\"\/de\/wholesale\/endprodukte\/\"> Pikante und s\u00fc\u00dfe L\u00f6sungen, bereit f\u00fcr den Ofen mit Garantie f\u00fcr Qualit\u00e4t und Geschmack von Evian-Teig<\/a><\/p>\n\t<p>EINZIGARTIGE <\/p>\n\t<p>REZEPTE<\/p>\n\t<p>ZIMIS PSACHNON<\/p>\n\t<p>Kreieren Sie mit Leidenschaft und Fantasie wunderbare Rezepte mit den feinsten Bl\u00e4ttern aus Evian-Teig.<\/p>\n\t\t\t<a href=\"\/de\/recipes\/\" target=\"_self\" role=\"button\" rel=\"noopener\">\n\t\t\t\t\t\t\tLERN MEHR\n\t\t\t\t\t<\/a>\n\t\t\t\t\t\t<a href=\"\/de\/recipes\/birnen-schokoladen-pastete\/\" target=\"_self\" rel=\"noopener\">\n\t\t\t\t\t\t\t\t\t\t\t\t<img decoding=\"async\" src=\"http:\/\/evoiki-zimi.gr\/wp-content\/uploads\/2022\/01\/axladosokolatopita-min-1.jpg\" alt=\"\" \/>\n\t\t\t\t\t\t\t\t\t\t\t\t\t\t\t\t\t\t\t\t\t\t\t\t\t\t\t<img decoding=\"async\" src=\"\"\/>\n\t\t\t\t\t\t\t\t\n\t\t\t\t\t\t\t\t\t<p>Birnen-Schokoladen-Pastete<\/p>\t\t\t\t\t\t\t\t\n\t\t\t\t\t\t\t\t\t\t<\/a>\n\t\t\t\t\t\t<a href=\"\/de\/recipes\/huehnerpastetchen\/\" target=\"_self\" rel=\"noopener\">\n\t\t\t\t\t\t\t\t\t\t\t\t<img decoding=\"async\" src=\"http:\/\/evoiki-zimi.gr\/wp-content\/uploads\/2022\/01\/kotopitakia-min-1.jpg\" alt=\"\" \/>\n\t\t\t\t\t\t\t\t\t\t\t\t\t\t\t\t\t\t\t\t\t\t\t\t\t\t\t<img decoding=\"async\" src=\"\"\/>\n\t\t\t\t\t\t\t\t\n\t\t\t\t\t\t\t\t\t<p>H\u00fchnerpastetchen<\/p>\t\t\t\t\t\t\t\t\n\t\t\t\t\t\t\t\t\t\t<\/a>\n\t\t\t\t\t\t<a href=\"\/de\/recipes\/pizza-vier-jahreszeiten\/\" target=\"_self\" rel=\"noopener\">\n\t\t\t\t\t\t\t\t\t\t\t\t<img decoding=\"async\" src=\"http:\/\/evoiki-zimi.gr\/wp-content\/uploads\/2022\/01\/\u03a0\u03af\u03c4\u03c3\u03b1-\u03a4\u03ad\u03c3\u03c3\u03b5\u03c1\u03b9\u03c2-\u0395\u03c0\u03bf\u03c7\u03ad\u03c2-min.jpg\" alt=\"\" \/>\n\t\t\t\t\t\t\t\t\t\t\t\t\t\t\t\t\t\t\t\t\t\t\t\t\t\t\t<img decoding=\"async\" src=\"\"\/>\n\t\t\t\t\t\t\t\t\n\t\t\t\t\t\t\t\t\t<p>Pizza vier Jahreszeiten<\/p>\t\t\t\t\t\t\t\t\n\t\t\t\t\t\t\t\t\t\t<\/a>\n\t\t\t\t\t\t<a href=\"\/de\/recipes\/mini-quiche-mit-filoteig-und-feta\/\" target=\"_self\" rel=\"noopener\">\n\t\t\t\t\t\t\t\t\t\t\t\t<img decoding=\"async\" src=\"http:\/\/evoiki-zimi.gr\/wp-content\/uploads\/2022\/01\/mini-kis-feta-min-1.jpg\" alt=\"\" \/>\n\t\t\t\t\t\t\t\t\t\t\t\t\t\t\t\t\t\t\t\t\t\t\t\t\t\t\t<img decoding=\"async\" src=\"\"\/>\n\t\t\t\t\t\t\t\t\n\t\t\t\t\t\t\t\t\t<p>Mini-Quiche mit Filoteig und Feta<\/p>\t\t\t\t\t\t\t\t\n\t\t\t\t\t\t\t\t\t\t<\/a>\n\t\t\t\t\t\t<a href=\"\/de\/recipes\/tiropita-mal-anders-mit-strudelteigfransen\/\" target=\"_self\" rel=\"noopener\">\n\t\t\t\t\t\t\t\t\t\t\t\t<img decoding=\"async\" src=\"http:\/\/evoiki-zimi.gr\/wp-content\/uploads\/2022\/01\/tiropita-diaforetiki-min-1.jpg\" alt=\"\" \/>\n\t\t\t\t\t\t\t\t\t\t\t\t\t\t\t\t\t\t\t\t\t\t\t\t\t\t\t<img decoding=\"async\" src=\"\"\/>\n\t\t\t\t\t\t\t\t\n\t\t\t\t\t\t\t\t\t<p>Tiropita mal anders mit Strudelteigfransen<\/p>\t\t\t\t\t\t\t\t\n\t\t\t\t\t\t\t\t\t\t<\/a>\n\t\t\t\t\t\t<a href=\"\/de\/recipes\/kritharoto-mit-pilzen\/\" target=\"_self\" rel=\"noopener\">\n\t\t\t\t\t\t\t\t\t\t\t\t<img decoding=\"async\" src=\"http:\/\/evoiki-zimi.gr\/wp-content\/uploads\/2022\/01\/kritharoto-me-manitaria-min-1.jpg\" alt=\"\" \/>\n\t\t\t\t\t\t\t\t\t\t\t\t\t\t\t\t\t\t\t\t\t\t\t\t\t\t\t<img decoding=\"async\" src=\"\"\/>\n\t\t\t\t\t\t\t\t\n\t\t\t\t\t\t\t\t\t<p>Kritharoto mit Pilzen<\/p>\t\t\t\t\t\t\t\t\n\t\t\t\t\t\t\t\t\t\t<\/a>\n\t\t\t\t\t\t<a href=\"\/de\/recipes\/croissants-mit-kaesecreme\/\" target=\"_self\" rel=\"noopener\">\n\t\t\t\t\t\t\t\t\t\t\t\t<img decoding=\"async\" src=\"http:\/\/evoiki-zimi.gr\/wp-content\/uploads\/2022\/01\/krouasan-me-krema-tirion-min-1.jpg\" alt=\"\" \/>\n\t\t\t\t\t\t\t\t\t\t\t\t\t\t\t\t\t\t\t\t\t\t\t\t\t\t\t<img decoding=\"async\" src=\"\"\/>\n\t\t\t\t\t\t\t\t\n\t\t\t\t\t\t\t\t\t<p>Croissants mit K\u00e4secreme<\/p>\t\t\t\t\t\t\t\t\n\t\t\t\t\t\t\t\t\t\t<\/a>\n\t\t\t\t\t\t<a href=\"\/de\/recipes\/paprikapastete-mit-bechamel-sauce\/\" target=\"_self\" rel=\"noopener\">\n\t\t\t\t\t\t\t\t\t\t\t\t<img decoding=\"async\" src=\"http:\/\/evoiki-zimi.gr\/wp-content\/uploads\/2022\/01\/piperopita-me-mpesamel-min-1.jpg\" alt=\"\" \/>\n\t\t\t\t\t\t\t\t\t\t\t\t\t\t\t\t\t\t\t\t\t\t\t\t\t\t\t<img decoding=\"async\" src=\"\"\/>\n\t\t\t\t\t\t\t\t\n\t\t\t\t\t\t\t\t\t<p>Paprikapastete mit Bechamel-Sauce<\/p>\t\t\t\t\t\t\t\t\n\t\t\t\t\t\t\t\t\t\t<\/a>\n\n","protected":false},"excerpt":{"rendered":"<p>LERNE UNS KENNEN ZIMI PSACHNON Pies mit rustikalen Blatt&#8230; Der Stolz jeder Hausfrau war ihre Brot und Kuchen Productionsf\u00e4higkeit. Volksweisheiten wie &#8222;zu essen Kuchen aus ihren H\u00e4nden und lecken deine Finger&#8220;, sind noch heute genannt um eine &#8222;goldh\u00e4nde&#8220; Hausfrau zu prahlen. LERN MEHR WIR GEBRAUCHEN AUSGEZEICHNETE MATERIALIEN Feine Zutaten machen den Geschmacksunterschied 33 % WENIGER&hellip;<\/p>\n","protected":false},"author":1,"featured_media":0,"parent":0,"menu_order":0,"comment_status":"closed","ping_status":"closed","template":"","meta":{"footnotes":""},"class_list":["post-4441","page","type-page","status-publish","hentry"],"acf":[],"_links":{"self":[{"href":"https:\/\/evoiki-zimi.gr\/de\/wp-json\/wp\/v2\/pages\/4441","targetHints":{"allow":["GET"]}}],"collection":[{"href":"https:\/\/evoiki-zimi.gr\/de\/wp-json\/wp\/v2\/pages"}],"about":[{"href":"https:\/\/evoiki-zimi.gr\/de\/wp-json\/wp\/v2\/types\/page"}],"author":[{"embeddable":true,"href":"https:\/\/evoiki-zimi.gr\/de\/wp-json\/wp\/v2\/users\/1"}],"replies":[{"embeddable":true,"href":"https:\/\/evoiki-zimi.gr\/de\/wp-json\/wp\/v2\/comments?post=4441"}],"version-history":[{"count":7,"href":"https:\/\/evoiki-zimi.gr\/de\/wp-json\/wp\/v2\/pages\/4441\/revisions"}],"predecessor-version":[{"id":4448,"href":"https:\/\/evoiki-zimi.gr\/de\/wp-json\/wp\/v2\/pages\/4441\/revisions\/4448"}],"wp:attachment":[{"href":"https:\/\/evoiki-zimi.gr\/de\/wp-json\/wp\/v2\/media?parent=4441"}],"curies":[{"name":"wp","href":"https:\/\/api.w.org\/{rel}","templated":true}]}}